{"id":10,"date":"2024-10-23T13:53:19","date_gmt":"2024-10-23T13:53:19","guid":{"rendered":"https:\/\/matavalons.cat\/?page_id=10"},"modified":"2024-12-11T20:28:41","modified_gmt":"2024-12-11T20:28:41","slug":"acerca-de","status":"publish","type":"page","link":"https:\/\/matavalons.cat\/index.php\/acerca-de\/","title":{"rendered":"Una mica d&#8217;hist\u00f2ria"},"content":{"rendered":"\n<p>Arb\u00facies sempre ha estat un poble inquiet i emprenedor. <\/p>\n\n\n\n<p>A finals dels anys seixanta comencen a fluir moviments juvenils arreu del pa\u00eds. \u00c9s en aquest moment que al nostre municipi sorgeix un grup d&#8217;escoltes. Anys m\u00e9s tard, aquest grup d&#8217;escoltes van crear les entitats juvenils i de lleure Xarec i Xibarri. Aquesta \u00faltima entitat va iniciar les sortides senderistes. <\/p>\n\n\n\n<p>L&#8217;any 1978, integrants del grup Xibarri van programar una sortida al Mont Blanc, i van decidir federar-se amb el Centre Excursionista de Blanes. <\/p>\n\n\n\n<p>L&#8217;any 1984, un grup de joves d&#8217;Arb\u00facies amants del vol lliure amb Ala Delta comencen a introduir-se en aquest esport. Va ser l&#8217;any 1986 que va constituir-se de forma estatut\u00e0ria els Gratan\u00favols del Montseny. En aquells moments va ser un dels \u00fanics clubs de Catalunya i de la pen\u00ednsula ib\u00e8rica i, per tant, va esdevenir tot un referent.<\/p>\n\n\n\n<p>Anys despr\u00e9s, arran de la tradici\u00f3 muntanyenca de la vila d\u2019Arb\u00facies, les persones que practicaven esports relacionats amb la muntanya i que eren membres d\u2019altres clubs excursionistes com el de Blanes, van decidir integrar-se als Gratan\u00favols del Montseny, esdevenint aix\u00ed amb l\u2019entitat de refer\u00e8ncia dels esports de muntanya al municipi d\u2019Arb\u00facies.<\/p>\n\n\n\n<p>L\u2019any 2024 es va produir una fusi\u00f3 amb els Matavalons d\u2019Arb\u00facies, un grup de corredors amants de les curses per muntanya. Des d\u2019aquell moment, els Gratan\u00favols-Matavalons s\u00f3n una sola entitat.<\/p>\n\n\n\n<figure class=\"wp-block-gallery has-nested-images columns-default is-cropped wp-block-gallery-1 is-layout-flex wp-block-gallery-is-layout-flex\">\n<figure class=\"wp-block-image size-large\"><img loading=\"lazy\" decoding=\"async\" width=\"655\" height=\"1024\" data-id=\"121\" src=\"https:\/\/matavalons.cat\/wp-content\/uploads\/2024\/12\/IMG-20241211-WA0056-655x1024.jpg\" alt=\"\" class=\"wp-image-121\" srcset=\"https:\/\/matavalons.cat\/wp-content\/uploads\/2024\/12\/IMG-20241211-WA0056-655x1024.jpg 655w, https:\/\/matavalons.cat\/wp-content\/uploads\/2024\/12\/IMG-20241211-WA0056-192x300.jpg 192w, https:\/\/matavalons.cat\/wp-content\/uploads\/2024\/12\/IMG-20241211-WA0056-768x1201.jpg 768w, https:\/\/matavalons.cat\/wp-content\/uploads\/2024\/12\/IMG-20241211-WA0056-983x1536.jpg 983w, https:\/\/matavalons.cat\/wp-content\/uploads\/2024\/12\/IMG-20241211-WA0056.jpg 1140w\" sizes=\"auto, (max-width: 655px) 100vw, 655px\" \/><\/figure>\n\n\n\n<figure class=\"wp-block-image size-large\"><img loading=\"lazy\" decoding=\"async\" width=\"1024\" height=\"578\" data-id=\"119\" src=\"https:\/\/matavalons.cat\/wp-content\/uploads\/2024\/12\/IMG-20241211-WA0044-1024x578.jpg\" alt=\"\" class=\"wp-image-119\" srcset=\"https:\/\/matavalons.cat\/wp-content\/uploads\/2024\/12\/IMG-20241211-WA0044-1024x578.jpg 1024w, https:\/\/matavalons.cat\/wp-content\/uploads\/2024\/12\/IMG-20241211-WA0044-300x169.jpg 300w, https:\/\/matavalons.cat\/wp-content\/uploads\/2024\/12\/IMG-20241211-WA0044-768x433.jpg 768w, https:\/\/matavalons.cat\/wp-content\/uploads\/2024\/12\/IMG-20241211-WA0044-1536x866.jpg 1536w, https:\/\/matavalons.cat\/wp-content\/uploads\/2024\/12\/IMG-20241211-WA0044-1200x677.jpg 1200w, https:\/\/matavalons.cat\/wp-content\/uploads\/2024\/12\/IMG-20241211-WA0044-1980x1117.jpg 1980w, https:\/\/matavalons.cat\/wp-content\/uploads\/2024\/12\/IMG-20241211-WA0044.jpg 2048w\" sizes=\"auto, (max-width: 1024px) 100vw, 1024px\" \/><\/figure>\n\n\n\n<figure class=\"wp-block-image size-large\"><img loading=\"lazy\" decoding=\"async\" width=\"1024\" height=\"654\" data-id=\"110\" src=\"https:\/\/matavalons.cat\/wp-content\/uploads\/2024\/12\/IMG-20241211-WA0047-1024x654.jpg\" alt=\"\" class=\"wp-image-110\" srcset=\"https:\/\/matavalons.cat\/wp-content\/uploads\/2024\/12\/IMG-20241211-WA0047-1024x654.jpg 1024w, https:\/\/matavalons.cat\/wp-content\/uploads\/2024\/12\/IMG-20241211-WA0047-300x192.jpg 300w, https:\/\/matavalons.cat\/wp-content\/uploads\/2024\/12\/IMG-20241211-WA0047-768x490.jpg 768w, https:\/\/matavalons.cat\/wp-content\/uploads\/2024\/12\/IMG-20241211-WA0047-1536x981.jpg 1536w, https:\/\/matavalons.cat\/wp-content\/uploads\/2024\/12\/IMG-20241211-WA0047-1200x766.jpg 1200w, https:\/\/matavalons.cat\/wp-content\/uploads\/2024\/12\/IMG-20241211-WA0047.jpg 1796w\" sizes=\"auto, (max-width: 1024px) 100vw, 1024px\" \/><\/figure>\n\n\n\n<figure class=\"wp-block-image size-large\"><img loading=\"lazy\" decoding=\"async\" width=\"577\" height=\"1024\" data-id=\"106\" src=\"https:\/\/matavalons.cat\/wp-content\/uploads\/2024\/12\/IMG-20241211-WA0013-577x1024.jpg\" alt=\"\" class=\"wp-image-106\" srcset=\"https:\/\/matavalons.cat\/wp-content\/uploads\/2024\/12\/IMG-20241211-WA0013-577x1024.jpg 577w, https:\/\/matavalons.cat\/wp-content\/uploads\/2024\/12\/IMG-20241211-WA0013-169x300.jpg 169w, https:\/\/matavalons.cat\/wp-content\/uploads\/2024\/12\/IMG-20241211-WA0013-768x1363.jpg 768w, https:\/\/matavalons.cat\/wp-content\/uploads\/2024\/12\/IMG-20241211-WA0013-866x1536.jpg 866w, https:\/\/matavalons.cat\/wp-content\/uploads\/2024\/12\/IMG-20241211-WA0013.jpg 1154w\" sizes=\"auto, (max-width: 577px) 100vw, 577px\" \/><\/figure>\n\n\n\n<figure class=\"wp-block-image size-large\"><img loading=\"lazy\" decoding=\"async\" width=\"768\" height=\"768\" data-id=\"101\" src=\"https:\/\/matavalons.cat\/wp-content\/uploads\/2024\/12\/IMG-20241211-WA0011.jpg\" alt=\"\" class=\"wp-image-101\" srcset=\"https:\/\/matavalons.cat\/wp-content\/uploads\/2024\/12\/IMG-20241211-WA0011.jpg 768w, https:\/\/matavalons.cat\/wp-content\/uploads\/2024\/12\/IMG-20241211-WA0011-300x300.jpg 300w, https:\/\/matavalons.cat\/wp-content\/uploads\/2024\/12\/IMG-20241211-WA0011-150x150.jpg 150w\" sizes=\"auto, (max-width: 768px) 100vw, 768px\" \/><\/figure>\n\n\n\n<figure class=\"wp-block-image size-large\"><img loading=\"lazy\" decoding=\"async\" width=\"653\" height=\"1024\" data-id=\"103\" src=\"https:\/\/matavalons.cat\/wp-content\/uploads\/2024\/12\/IMG-20241211-WA0050-653x1024.jpg\" alt=\"\" class=\"wp-image-103\" srcset=\"https:\/\/matavalons.cat\/wp-content\/uploads\/2024\/12\/IMG-20241211-WA0050-653x1024.jpg 653w, https:\/\/matavalons.cat\/wp-content\/uploads\/2024\/12\/IMG-20241211-WA0050-191x300.jpg 191w, https:\/\/matavalons.cat\/wp-content\/uploads\/2024\/12\/IMG-20241211-WA0050-768x1205.jpg 768w, https:\/\/matavalons.cat\/wp-content\/uploads\/2024\/12\/IMG-20241211-WA0050-979x1536.jpg 979w, https:\/\/matavalons.cat\/wp-content\/uploads\/2024\/12\/IMG-20241211-WA0050.jpg 1150w\" sizes=\"auto, (max-width: 653px) 100vw, 653px\" \/><\/figure>\n\n\n\n<figure class=\"wp-block-image size-large\"><img loading=\"lazy\" decoding=\"async\" width=\"577\" height=\"1024\" data-id=\"116\" src=\"https:\/\/matavalons.cat\/wp-content\/uploads\/2024\/12\/IMG-20241211-WA0016-577x1024.jpg\" alt=\"\" class=\"wp-image-116\" srcset=\"https:\/\/matavalons.cat\/wp-content\/uploads\/2024\/12\/IMG-20241211-WA0016-577x1024.jpg 577w, https:\/\/matavalons.cat\/wp-content\/uploads\/2024\/12\/IMG-20241211-WA0016-169x300.jpg 169w, https:\/\/matavalons.cat\/wp-content\/uploads\/2024\/12\/IMG-20241211-WA0016-768x1363.jpg 768w, https:\/\/matavalons.cat\/wp-content\/uploads\/2024\/12\/IMG-20241211-WA0016-866x1536.jpg 866w, https:\/\/matavalons.cat\/wp-content\/uploads\/2024\/12\/IMG-20241211-WA0016.jpg 1122w\" sizes=\"auto, (max-width: 577px) 100vw, 577px\" \/><\/figure>\n\n\n\n<figure class=\"wp-block-image size-large\"><img loading=\"lazy\" decoding=\"async\" width=\"577\" height=\"1024\" data-id=\"122\" src=\"https:\/\/matavalons.cat\/wp-content\/uploads\/2024\/12\/IMG-20241211-WA0008-577x1024.jpg\" alt=\"\" class=\"wp-image-122\" srcset=\"https:\/\/matavalons.cat\/wp-content\/uploads\/2024\/12\/IMG-20241211-WA0008-577x1024.jpg 577w, https:\/\/matavalons.cat\/wp-content\/uploads\/2024\/12\/IMG-20241211-WA0008-169x300.jpg 169w, https:\/\/matavalons.cat\/wp-content\/uploads\/2024\/12\/IMG-20241211-WA0008-768x1363.jpg 768w, https:\/\/matavalons.cat\/wp-content\/uploads\/2024\/12\/IMG-20241211-WA0008-865x1536.jpg 865w, https:\/\/matavalons.cat\/wp-content\/uploads\/2024\/12\/IMG-20241211-WA0008.jpg 1102w\" sizes=\"auto, (max-width: 577px) 100vw, 577px\" \/><\/figure>\n\n\n\n<figure class=\"wp-block-image size-large\"><img loading=\"lazy\" decoding=\"async\" width=\"577\" height=\"1024\" data-id=\"126\" src=\"https:\/\/matavalons.cat\/wp-content\/uploads\/2024\/12\/IMG-20241211-WA0045-577x1024.jpg\" alt=\"\" class=\"wp-image-126\" srcset=\"https:\/\/matavalons.cat\/wp-content\/uploads\/2024\/12\/IMG-20241211-WA0045-577x1024.jpg 577w, https:\/\/matavalons.cat\/wp-content\/uploads\/2024\/12\/IMG-20241211-WA0045-169x300.jpg 169w, https:\/\/matavalons.cat\/wp-content\/uploads\/2024\/12\/IMG-20241211-WA0045-768x1363.jpg 768w, https:\/\/matavalons.cat\/wp-content\/uploads\/2024\/12\/IMG-20241211-WA0045-866x1536.jpg 866w, https:\/\/matavalons.cat\/wp-content\/uploads\/2024\/12\/IMG-20241211-WA0045.jpg 1154w\" sizes=\"auto, (max-width: 577px) 100vw, 577px\" \/><\/figure>\n\n\n\n<figure class=\"wp-block-image size-large\"><img loading=\"lazy\" decoding=\"async\" width=\"1024\" height=\"714\" data-id=\"114\" src=\"https:\/\/matavalons.cat\/wp-content\/uploads\/2024\/12\/IMG-20241211-WA0053-1024x714.jpg\" alt=\"\" class=\"wp-image-114\" srcset=\"https:\/\/matavalons.cat\/wp-content\/uploads\/2024\/12\/IMG-20241211-WA0053-1024x714.jpg 1024w, https:\/\/matavalons.cat\/wp-content\/uploads\/2024\/12\/IMG-20241211-WA0053-300x209.jpg 300w, https:\/\/matavalons.cat\/wp-content\/uploads\/2024\/12\/IMG-20241211-WA0053-768x536.jpg 768w, https:\/\/matavalons.cat\/wp-content\/uploads\/2024\/12\/IMG-20241211-WA0053.jpg 1655w\" sizes=\"auto, (max-width: 1024px) 100vw, 1024px\" \/><\/figure>\n\n\n\n<figure class=\"wp-block-image size-large\"><img loading=\"lazy\" decoding=\"async\" width=\"1024\" height=\"768\" data-id=\"125\" src=\"https:\/\/matavalons.cat\/wp-content\/uploads\/2024\/12\/IMG-20241211-WA0022-1024x768.jpg\" alt=\"\" class=\"wp-image-125\" srcset=\"https:\/\/matavalons.cat\/wp-content\/uploads\/2024\/12\/IMG-20241211-WA0022-1024x768.jpg 1024w, https:\/\/matavalons.cat\/wp-content\/uploads\/2024\/12\/IMG-20241211-WA0022-300x225.jpg 300w, https:\/\/matavalons.cat\/wp-content\/uploads\/2024\/12\/IMG-20241211-WA0022-768x576.jpg 768w, https:\/\/matavalons.cat\/wp-content\/uploads\/2024\/12\/IMG-20241211-WA0022-1536x1152.jpg 1536w, https:\/\/matavalons.cat\/wp-content\/uploads\/2024\/12\/IMG-20241211-WA0022-1200x900.jpg 1200w, https:\/\/matavalons.cat\/wp-content\/uploads\/2024\/12\/IMG-20241211-WA0022.jpg 1600w\" sizes=\"auto, (max-width: 1024px) 100vw, 1024px\" \/><\/figure>\n\n\n\n<figure class=\"wp-block-image size-large\"><img loading=\"lazy\" decoding=\"async\" width=\"1024\" height=\"577\" data-id=\"109\" src=\"https:\/\/matavalons.cat\/wp-content\/uploads\/2024\/12\/IMG-20241211-WA0018-1024x577.jpg\" alt=\"\" class=\"wp-image-109\" srcset=\"https:\/\/matavalons.cat\/wp-content\/uploads\/2024\/12\/IMG-20241211-WA0018-1024x577.jpg 1024w, https:\/\/matavalons.cat\/wp-content\/uploads\/2024\/12\/IMG-20241211-WA0018-300x169.jpg 300w, https:\/\/matavalons.cat\/wp-content\/uploads\/2024\/12\/IMG-20241211-WA0018-768x433.jpg 768w, https:\/\/matavalons.cat\/wp-content\/uploads\/2024\/12\/IMG-20241211-WA0018-1536x866.jpg 1536w, https:\/\/matavalons.cat\/wp-content\/uploads\/2024\/12\/IMG-20241211-WA0018-1200x676.jpg 1200w, https:\/\/matavalons.cat\/wp-content\/uploads\/2024\/12\/IMG-20241211-WA0018.jpg 1799w\" sizes=\"auto, (max-width: 1024px) 100vw, 1024px\" \/><\/figure>\n\n\n\n<figure class=\"wp-block-image size-large\"><img loading=\"lazy\" decoding=\"async\" width=\"1024\" height=\"842\" data-id=\"100\" src=\"https:\/\/matavalons.cat\/wp-content\/uploads\/2024\/12\/IMG-20241211-WA0035-1024x842.jpg\" alt=\"\" class=\"wp-image-100\" srcset=\"https:\/\/matavalons.cat\/wp-content\/uploads\/2024\/12\/IMG-20241211-WA0035-1024x842.jpg 1024w, https:\/\/matavalons.cat\/wp-content\/uploads\/2024\/12\/IMG-20241211-WA0035-300x247.jpg 300w, https:\/\/matavalons.cat\/wp-content\/uploads\/2024\/12\/IMG-20241211-WA0035-768x632.jpg 768w, https:\/\/matavalons.cat\/wp-content\/uploads\/2024\/12\/IMG-20241211-WA0035.jpg 1026w\" sizes=\"auto, (max-width: 1024px) 100vw, 1024px\" \/><\/figure>\n\n\n\n<figure class=\"wp-block-image size-large\"><img loading=\"lazy\" decoding=\"async\" width=\"1024\" height=\"578\" data-id=\"118\" src=\"https:\/\/matavalons.cat\/wp-content\/uploads\/2024\/12\/IMG-20241211-WA0029-1024x578.jpg\" alt=\"\" class=\"wp-image-118\" srcset=\"https:\/\/matavalons.cat\/wp-content\/uploads\/2024\/12\/IMG-20241211-WA0029-1024x578.jpg 1024w, https:\/\/matavalons.cat\/wp-content\/uploads\/2024\/12\/IMG-20241211-WA0029-300x169.jpg 300w, https:\/\/matavalons.cat\/wp-content\/uploads\/2024\/12\/IMG-20241211-WA0029-768x433.jpg 768w, https:\/\/matavalons.cat\/wp-content\/uploads\/2024\/12\/IMG-20241211-WA0029-1536x866.jpg 1536w, https:\/\/matavalons.cat\/wp-content\/uploads\/2024\/12\/IMG-20241211-WA0029-1200x677.jpg 1200w, https:\/\/matavalons.cat\/wp-content\/uploads\/2024\/12\/IMG-20241211-WA0029.jpg 2048w\" sizes=\"auto, (max-width: 1024px) 100vw, 1024px\" \/><\/figure>\n<\/figure>\n","protected":false},"excerpt":{"rendered":"<p>Arb\u00facies sempre ha estat un poble inquiet i emprenedor. A finals dels anys seixanta comencen a fluir moviments juvenils arreu del pa\u00eds. \u00c9s en aquest moment que al nostre municipi sorgeix un grup d&#8217;escoltes. Anys m\u00e9s tard, aquest grup d&#8217;escoltes van crear les entitats juvenils i de lleure Xarec i Xibarri. Aquesta \u00faltima entitat va [&hellip;]<\/p>\n","protected":false},"author":1,"featured_media":0,"parent":0,"menu_order":0,"comment_status":"closed","ping_status":"closed","template":"","meta":{"footnotes":""},"class_list":["post-10","page","type-page","status-publish","hentry"],"_links":{"self":[{"href":"https:\/\/matavalons.cat\/index.php\/wp-json\/wp\/v2\/pages\/10","targetHints":{"allow":["GET"]}}],"collection":[{"href":"https:\/\/matavalons.cat\/index.php\/wp-json\/wp\/v2\/pages"}],"about":[{"href":"https:\/\/matavalons.cat\/index.php\/wp-json\/wp\/v2\/types\/page"}],"author":[{"embeddable":true,"href":"https:\/\/matavalons.cat\/index.php\/wp-json\/wp\/v2\/users\/1"}],"replies":[{"embeddable":true,"href":"https:\/\/matavalons.cat\/index.php\/wp-json\/wp\/v2\/comments?post=10"}],"version-history":[{"count":10,"href":"https:\/\/matavalons.cat\/index.php\/wp-json\/wp\/v2\/pages\/10\/revisions"}],"predecessor-version":[{"id":134,"href":"https:\/\/matavalons.cat\/index.php\/wp-json\/wp\/v2\/pages\/10\/revisions\/134"}],"wp:attachment":[{"href":"https:\/\/matavalons.cat\/index.php\/wp-json\/wp\/v2\/media?parent=10"}],"curies":[{"name":"wp","href":"https:\/\/api.w.org\/{rel}","templated":true}]}}